{"id":192,"date":"2018-04-15T18:24:54","date_gmt":"2018-04-15T18:24:54","guid":{"rendered":"http:\/\/www.jacekpajak.com\/?page_id=192"},"modified":"2022-10-01T16:37:44","modified_gmt":"2022-10-01T16:37:44","slug":"dzwiek-w-filmie-miedzy-sztuka-a-rzemioslem","status":"publish","type":"page","link":"https:\/\/www.jacekpajak.com\/?page_id=192","title":{"rendered":"D\u017awi\u0119k w filmie. Mi\u0119dzy sztuk\u0105 a rzemios\u0142em"},"content":{"rendered":"<p><img loading=\"lazy\" decoding=\"async\" class=\"wp-image-103 alignleft\" style=\"border: 2px solid gray;\" src=\"https:\/\/www.jacekpajak.com\/wp-content\/uploads\/2018\/04\/pol_pl_Dzwiek-w-filmie-Miedzy-sztuka-a-rzemioslem-7725_1.png\" width=\"300\" height=\"424\" srcset=\"https:\/\/www.jacekpajak.com\/wp-content\/uploads\/2018\/04\/pol_pl_Dzwiek-w-filmie-Miedzy-sztuka-a-rzemioslem-7725_1.png 627w, https:\/\/www.jacekpajak.com\/wp-content\/uploads\/2018\/04\/pol_pl_Dzwiek-w-filmie-Miedzy-sztuka-a-rzemioslem-7725_1-212x300.png 212w, https:\/\/www.jacekpajak.com\/wp-content\/uploads\/2018\/04\/pol_pl_Dzwiek-w-filmie-Miedzy-sztuka-a-rzemioslem-7725_1-520x736.png 520w\" sizes=\"auto, (max-width: 300px) 100vw, 300px\" \/><\/p>\n<h4><\/h4>\n<p>&nbsp;<\/p>\n<p><span style=\"text-decoration: underline;\">O ksi\u0105\u017cce:<\/span><\/p>\n<p>Przekrojowa analiza zagadnie\u0144 dotycz\u0105cych estetyki i ontologii d\u017awi\u0119ku w filmie. Wykorzystuj\u0105c definicj\u0119 sztuki sformu\u0142owan\u0105 przez W\u0142adys\u0142awa Tatarkiewicza, autor omawia sposoby tworzenia, funkcjonowania i percepcji warstwy d\u017awi\u0119kowej oraz jej znaczenie w kreowaniu filmowej rzeczywisto\u015bci. Tematyka dotycz\u0105ca audytywnego konstruowania formy filmu, powstawania prze\u017cycia estetycznego oraz wyra\u017cania emocji przedstawiana jest z perspektywy kognitywnej.<\/p>\n<h4><a href=\"https:\/\/www.wuw.pl\/product-pol-7725-Dzwiek-w-filmie-Miedzy-sztuka-a-rzemioslem.html\" target=\"_blank\" rel=\"noopener noreferrer\">D\u017awi\u0119k w filmie. Mi\u0119dzy sztuk\u0105 a rzemios\u0142em<\/a><\/h4>\n<p>&nbsp;<\/p>\n<p>&nbsp;<\/p>\n<p>&nbsp;<\/p>\n<p>&nbsp;<\/p>\n<p>&nbsp;<\/p>\n<p>&nbsp;<\/p>\n","protected":false},"excerpt":{"rendered":"<p>&nbsp; O ksi\u0105\u017cce: Przekrojowa analiza zagadnie\u0144 dotycz\u0105cych estetyki i ontologii d\u017awi\u0119ku w filmie. Wykorzystuj\u0105c definicj\u0119 sztuki sformu\u0142owan\u0105 przez W\u0142adys\u0142awa Tatarkiewicza, autor omawia sposoby tworzenia, funkcjonowania i percepcji warstwy d\u017awi\u0119kowej oraz jej znaczenie w kreowaniu filmowej rzeczywisto\u015bci. Tematyka dotycz\u0105ca audytywnego konstruowania &hellip; <a href=\"https:\/\/www.jacekpajak.com\/?page_id=192\">Czytaj dalej <span class=\"meta-nav\">&rarr;<\/span><\/a><\/p>\n","protected":false},"author":1,"featured_media":0,"parent":72,"menu_order":0,"comment_status":"closed","ping_status":"closed","template":"","meta":{"footnotes":""},"class_list":["post-192","page","type-page","status-publish","hentry"],"_links":{"self":[{"href":"https:\/\/www.jacekpajak.com\/index.php?rest_route=\/wp\/v2\/pages\/192","targetHints":{"allow":["GET"]}}],"collection":[{"href":"https:\/\/www.jacekpajak.com\/index.php?rest_route=\/wp\/v2\/pages"}],"about":[{"href":"https:\/\/www.jacekpajak.com\/index.php?rest_route=\/wp\/v2\/types\/page"}],"author":[{"embeddable":true,"href":"https:\/\/www.jacekpajak.com\/index.php?rest_route=\/wp\/v2\/users\/1"}],"replies":[{"embeddable":true,"href":"https:\/\/www.jacekpajak.com\/index.php?rest_route=%2Fwp%2Fv2%2Fcomments&post=192"}],"version-history":[{"count":17,"href":"https:\/\/www.jacekpajak.com\/index.php?rest_route=\/wp\/v2\/pages\/192\/revisions"}],"predecessor-version":[{"id":321,"href":"https:\/\/www.jacekpajak.com\/index.php?rest_route=\/wp\/v2\/pages\/192\/revisions\/321"}],"up":[{"embeddable":true,"href":"https:\/\/www.jacekpajak.com\/index.php?rest_route=\/wp\/v2\/pages\/72"}],"wp:attachment":[{"href":"https:\/\/www.jacekpajak.com\/index.php?rest_route=%2Fwp%2Fv2%2Fmedia&parent=192"}],"curies":[{"name":"wp","href":"https:\/\/api.w.org\/{rel}","templated":true}]}}