{"id":207,"date":"2018-04-15T19:02:45","date_gmt":"2018-04-15T19:02:45","guid":{"rendered":"http:\/\/www.jacekpajak.com\/?page_id=207"},"modified":"2018-04-18T19:17:56","modified_gmt":"2018-04-18T19:17:56","slug":"doswiadczenie-wewnetrzne-bohatera-w-dziele-filmowym","status":"publish","type":"page","link":"https:\/\/www.jacekpajak.com\/?page_id=207","title":{"rendered":"Do\u015bwiadczenie wewn\u0119trzne bohatera w dziele filmowym"},"content":{"rendered":"<p>&nbsp;<\/p>\n<p>&nbsp;<\/p>\n<p><img loading=\"lazy\" decoding=\"async\" class=\"wp-image-102 alignleft\" src=\"https:\/\/www.jacekpajak.com\/wp-content\/uploads\/2018\/04\/pol_pl_Doswiadczenie-wewnetrzne-bohatera-w-dziele-filmowym-7391_1-231x300.png\" alt=\"\" width=\"333\" height=\"432\" srcset=\"https:\/\/www.jacekpajak.com\/wp-content\/uploads\/2018\/04\/pol_pl_Doswiadczenie-wewnetrzne-bohatera-w-dziele-filmowym-7391_1-231x300.png 231w, https:\/\/www.jacekpajak.com\/wp-content\/uploads\/2018\/04\/pol_pl_Doswiadczenie-wewnetrzne-bohatera-w-dziele-filmowym-7391_1-520x675.png 520w, https:\/\/www.jacekpajak.com\/wp-content\/uploads\/2018\/04\/pol_pl_Doswiadczenie-wewnetrzne-bohatera-w-dziele-filmowym-7391_1.png 660w\" sizes=\"auto, (max-width: 333px) 100vw, 333px\" \/><\/p>\n<p>Tytu\u0142 rozdzia\u0142u: <strong>\u201e<\/strong><strong>D\u017awi\u0119kowa przestrze\u0144 podr\u00f3\u017cy wewn\u0119trznej bohatera w filmie Wo\u0142anie\u201d<\/strong><\/p>\n<p><span style=\"text-decoration: underline;\">O ksi\u0105\u017cce:<\/span><\/p>\n<p>Zbi\u00f3r obszernych, wnikliwych artyku\u0142\u00f3w analizuj\u0105cych i interpretuj\u0105cych tre\u015b\u0107 oraz form\u0119 przedstawiania w dziele filmowym \u015bwiata do\u015bwiadcze\u0144 wewn\u0119trznych bohater\u00f3w filmowych.<\/p>\n<p>Rozprawy s\u0105 po\u015bwi\u0119cone filmom: \u015awiadectwo urodzenia Stanis\u0142awa R\u00f3\u017cewicza, Konformista Bernardo Bertolucciego, Lokator Romana Pola\u0144skiego, Panny z Wilka Andrzeja Wajdy, \u0141agodna Piotra Duma\u0142y, Aleksandra Aleksandra Sokurowa oraz Wo\u0142anie Marcina Dudziaka.<\/p>\n<p>Zamieszczone w tomie interpretacje \u2013 zgodnie z zasadami metody antropologiczno-morfologicznej \u2013 s\u0105 wyprowadzane ze znacze\u0144 zawartych w obrazie filmowym przy u\u017cyciu argument\u00f3w obecnych immanentnie w analizowanym dziele, zebranych w toku starannie przeprowadzonej procedury analitycznej poprzedzaj\u0105cej interpretacj\u0119.<\/p>\n<p>Rzetelno\u015b\u0107 naukowa autor\u00f3w i zastosowana metodologia sprawiaj\u0105, \u017ce zawarte w ksi\u0105\u017cce odczytania wybitnych, dobrze znanych film\u00f3w zaskakuj\u0105 dotychczas niedostrzeganym bogactwem artystycznym omawianych dzie\u0142 i g\u0142\u0119bi\u0105 znacze\u0144. S\u0105 \u015bwiadectwem mo\u017cliwo\u015bci precyzyjnych, konsekwentnych metodologicznie i zorientowanych antropologicznie bada\u0144 filmoznawczych.<\/p>\n<p>Monografia powsta\u0142a w ramach prac Zespo\u0142u Bada\u0144 nad Filmem w Instytucie Kultury Polskiej Uniwersytetu Warszawskiego pod redakcj\u0105 dr hab. Seweryna Ku\u015bmierczyka.<\/p>\n<h4><a href=\"http:\/\/www.empik.com\/doswiadczenie-wewnetrzne-bohatera-w-dziele-filmowym-opracowanie-zbiorowe,p1183011704,ksiazka-p\" target=\"_blank\" rel=\"noopener\">Do\u015bwiadczenie wewn\u0119trzne bohatera w dziele filmowym.<\/a><\/h4>\n<p>&nbsp;<\/p>\n<p>&nbsp;<\/p>\n","protected":false},"excerpt":{"rendered":"<p>&nbsp; &nbsp; Tytu\u0142 rozdzia\u0142u: \u201eD\u017awi\u0119kowa przestrze\u0144 podr\u00f3\u017cy wewn\u0119trznej bohatera w filmie Wo\u0142anie\u201d O ksi\u0105\u017cce: Zbi\u00f3r obszernych, wnikliwych artyku\u0142\u00f3w analizuj\u0105cych i interpretuj\u0105cych tre\u015b\u0107 oraz form\u0119 przedstawiania w dziele filmowym \u015bwiata do\u015bwiadcze\u0144 wewn\u0119trznych bohater\u00f3w filmowych. Rozprawy s\u0105 po\u015bwi\u0119cone filmom: \u015awiadectwo urodzenia Stanis\u0142awa &hellip; <a href=\"https:\/\/www.jacekpajak.com\/?page_id=207\">Czytaj dalej <span class=\"meta-nav\">&rarr;<\/span><\/a><\/p>\n","protected":false},"author":1,"featured_media":0,"parent":72,"menu_order":1,"comment_status":"closed","ping_status":"closed","template":"","meta":{"footnotes":""},"class_list":["post-207","page","type-page","status-publish","hentry"],"_links":{"self":[{"href":"https:\/\/www.jacekpajak.com\/index.php?rest_route=\/wp\/v2\/pages\/207","targetHints":{"allow":["GET"]}}],"collection":[{"href":"https:\/\/www.jacekpajak.com\/index.php?rest_route=\/wp\/v2\/pages"}],"about":[{"href":"https:\/\/www.jacekpajak.com\/index.php?rest_route=\/wp\/v2\/types\/page"}],"author":[{"embeddable":true,"href":"https:\/\/www.jacekpajak.com\/index.php?rest_route=\/wp\/v2\/users\/1"}],"replies":[{"embeddable":true,"href":"https:\/\/www.jacekpajak.com\/index.php?rest_route=%2Fwp%2Fv2%2Fcomments&post=207"}],"version-history":[{"count":8,"href":"https:\/\/www.jacekpajak.com\/index.php?rest_route=\/wp\/v2\/pages\/207\/revisions"}],"predecessor-version":[{"id":253,"href":"https:\/\/www.jacekpajak.com\/index.php?rest_route=\/wp\/v2\/pages\/207\/revisions\/253"}],"up":[{"embeddable":true,"href":"https:\/\/www.jacekpajak.com\/index.php?rest_route=\/wp\/v2\/pages\/72"}],"wp:attachment":[{"href":"https:\/\/www.jacekpajak.com\/index.php?rest_route=%2Fwp%2Fv2%2Fmedia&parent=207"}],"curies":[{"name":"wp","href":"https:\/\/api.w.org\/{rel}","templated":true}]}}