{"id":216,"date":"2018-04-15T19:57:29","date_gmt":"2018-04-15T19:57:29","guid":{"rendered":"http:\/\/www.jacekpajak.com\/?page_id=216"},"modified":"2018-04-18T19:17:27","modified_gmt":"2018-04-18T19:17:27","slug":"antropologia-postaci-w-dziele-filmowym","status":"publish","type":"page","link":"https:\/\/www.jacekpajak.com\/?page_id=216","title":{"rendered":"Antropologia postaci w dziele filmowym"},"content":{"rendered":"<p><img loading=\"lazy\" decoding=\"async\" class=\"alignleft wp-image-135\" src=\"https:\/\/www.jacekpajak.com\/wp-content\/uploads\/2018\/04\/Antropologia-postaci.jpg\" alt=\"\" width=\"311\" height=\"425\" \/><\/p>\n<p>&nbsp;<\/p>\n<p>Tytu\u0142 rozdzia\u0142u: <strong>\u201eBohater w \u015bwiecie d\u017awi\u0119k\u00f3w. Audiowizualno\u015b\u0107 postaci w filmie <em>Imagine<\/em> Andrzeja Jakimowskiego\u201d<\/strong><\/p>\n<p><span style=\"text-decoration: underline;\">O ksi\u0105\u017cce:<\/span><\/p>\n<p>Ksi\u0105\u017cka jest zbiorem dziewi\u0119ciu obszernych i\u00a0dog\u0142\u0119bnych rozpraw analityczno-interpretacyjnych po\u015bwi\u0119conych g\u0142\u00f3wnym bohaterom film\u00f3w <em>Strategia paj\u0105ka<\/em> Bernardo Bertolucciego, <em>Samotny g\u0142os cz\u0142owieka<\/em> Aleksanda Sokurowa, <em>Ry\u015b<\/em> Stanis\u0142awa R\u00f3\u017cewicza, <em>Poci\u0105g<\/em> Jerzego Kawalerowicza, <em>Jasminum<\/em> Jana Jakuba Kolskiego, <em>Aguirre, gniew bo\u017cy<\/em> i\u00a0<em>Fitzcarraldo<\/em> Wernera Herzoga, <em>Niewinni czarodzieje<\/em> Andrzeja Wajdy, <em>Imagine<\/em> Andrzeja Jakimowskiego oraz\u00a0wybranym animowanym filmom propagandowym z\u00a0okresu II wojny \u015bwiatowej.<\/p>\n<p>S\u0105 to\u00a0kompleksowe odczytania filmowego bytu postaci, osadzaj\u0105ce je w\u00a0przestrzeni i\u00a0czasie, w\u00a0prawid\u0142owo\u015bciach kulturowych, uwzgl\u0119dniaj\u0105ce \u015bwiat dozna\u0144 wewn\u0119trznych, a\u00a0tak\u017ce szczeg\u00f3\u0142owe studia zada\u0144 wype\u0142nianych przez okre\u015blone \u015brodki wyrazu (m.in.\u00a0gr\u0119 aktorsk\u0105, kostiumy, sztuk\u0119 operatorsk\u0105, muzyk\u0119, d\u017awi\u0119k) w\u00a0budowaniu \u015bwiata filmowych bohater\u00f3w i\u00a0tworzeniu relacji pomi\u0119dzy rzeczywisto\u015bci\u0105 ekranow\u0105 a\u00a0\u015bwiatem pozafilmowym.<\/p>\n<p>Wszystkie rozprawy s\u0105 efektem pracy badawczej \u0142\u0105cz\u0105cej metod\u0119 analizy antropologiczno-morfologicznej i\u00a0wiedz\u0119 filmoznawcz\u0105 z\u00a0wiedz\u0105 i\u00a0wra\u017cliwo\u015bci\u0105 antropologiczn\u0105.<\/p>\n<p>Autorami rozpraw s\u0105 m\u0142odzi filmoznawcy i\u00a0kulturoznawcy, absolwenci studi\u00f3w w\u00a0Instytucie Kultury Polskiej Uniwersytetu Warszawskiego.<\/p>\n<p>Nagroda Rektora UW, 2015 (\u0142\u0105cznie z\u00a0ksi\u0105\u017ck\u0105 <em>Wyprawa bohatera w\u00a0polskim filmie fabularnym<\/em>).<\/p>\n<p>&nbsp;<\/p>\n<p>&nbsp;<\/p>\n<p>Ksi\u0105\u017cka jest zbiorem dziewi\u0119ciu obszernych i dog\u0142\u0119bnych rozpraw analityczno-interpretacyjnych po\u015bwi\u0119conych g\u0142\u00f3wnym bohaterom film\u00f3w \u201eStrategia paj\u0105ka\u201d Bernardo Bertolucciego, \u201eSamotny g\u0142os cz\u0142owieka\u201d Aleksandra Sokurowa, \u201eRy\u015b\u201d Stanis\u0142awa R\u00f3\u017cewicza, \u201ePoci\u0105g\u201d Jerzego Kawalerowicza, \u201eJasminum\u201d Jana Jakuba Kolskiego, \u201eAguirre, gniew bo\u017cy\u201d i \u201eFitzcarraldo\u201d Wernera Jerzoga, \u201eNiewinni czarodzieje\u201d Andrzeja Wajdy, \u201eImagine\u201d Andrzeja Jakimowskiego oraz wybranym animowanym filmom propagandowym z okresu II wojny \u015bwiatowej.<\/p>\n<p>S\u0105 to kompleksowe odczytania filmowego bytu postaci, osadzaj\u0105ce je w przestrzeni i czasie, w prawid\u0142owo\u015bciach kulturowych, uwzgl\u0119dniaj\u0105ce \u015bwiat dozna\u0144 wewn\u0119trznych, a tak\u017ce szczeg\u00f3\u0142owe studia zada\u0144 wype\u0142nianych przez okre\u015blone \u015brodki wyrazu (m.in. gr\u0119 aktorsk\u0105, kostiumy sztuk\u0119 operatorsk\u0105, muzyk\u0119, d\u017awi\u0119k) w budowaniu \u015bwiata filmowych bohater\u00f3w i tworzeniu relacji pomi\u0119dzy rzeczywisto\u015bci\u0105 ekranow\u0105 a \u015bwiatem pozafilmowym<\/p>\n<h4 class=\"productBaseInfo__title\"><a href=\"http:\/\/www.empik.com\/antropologia-postaci-w-dziele-filmowym-kusmierczyk-seweryn,p1121358290,ksiazka-p\" target=\"_blank\" rel=\"noopener\">Antropologia postaci w dziele filmowym<\/a><\/h4>\n","protected":false},"excerpt":{"rendered":"<p>&nbsp; Tytu\u0142 rozdzia\u0142u: \u201eBohater w \u015bwiecie d\u017awi\u0119k\u00f3w. Audiowizualno\u015b\u0107 postaci w filmie Imagine Andrzeja Jakimowskiego\u201d O ksi\u0105\u017cce: Ksi\u0105\u017cka jest zbiorem dziewi\u0119ciu obszernych i\u00a0dog\u0142\u0119bnych rozpraw analityczno-interpretacyjnych po\u015bwi\u0119conych g\u0142\u00f3wnym bohaterom film\u00f3w Strategia paj\u0105ka Bernardo Bertolucciego, Samotny g\u0142os cz\u0142owieka Aleksanda Sokurowa, Ry\u015b Stanis\u0142awa R\u00f3\u017cewicza, &hellip; <a href=\"https:\/\/www.jacekpajak.com\/?page_id=216\">Czytaj dalej <span class=\"meta-nav\">&rarr;<\/span><\/a><\/p>\n","protected":false},"author":1,"featured_media":0,"parent":72,"menu_order":3,"comment_status":"closed","ping_status":"closed","template":"","meta":{"footnotes":""},"class_list":["post-216","page","type-page","status-publish","hentry"],"_links":{"self":[{"href":"https:\/\/www.jacekpajak.com\/index.php?rest_route=\/wp\/v2\/pages\/216","targetHints":{"allow":["GET"]}}],"collection":[{"href":"https:\/\/www.jacekpajak.com\/index.php?rest_route=\/wp\/v2\/pages"}],"about":[{"href":"https:\/\/www.jacekpajak.com\/index.php?rest_route=\/wp\/v2\/types\/page"}],"author":[{"embeddable":true,"href":"https:\/\/www.jacekpajak.com\/index.php?rest_route=\/wp\/v2\/users\/1"}],"replies":[{"embeddable":true,"href":"https:\/\/www.jacekpajak.com\/index.php?rest_route=%2Fwp%2Fv2%2Fcomments&post=216"}],"version-history":[{"count":9,"href":"https:\/\/www.jacekpajak.com\/index.php?rest_route=\/wp\/v2\/pages\/216\/revisions"}],"predecessor-version":[{"id":252,"href":"https:\/\/www.jacekpajak.com\/index.php?rest_route=\/wp\/v2\/pages\/216\/revisions\/252"}],"up":[{"embeddable":true,"href":"https:\/\/www.jacekpajak.com\/index.php?rest_route=\/wp\/v2\/pages\/72"}],"wp:attachment":[{"href":"https:\/\/www.jacekpajak.com\/index.php?rest_route=%2Fwp%2Fv2%2Fmedia&parent=216"}],"curies":[{"name":"wp","href":"https:\/\/api.w.org\/{rel}","templated":true}]}}