{"id":223,"date":"2018-04-15T20:09:04","date_gmt":"2018-04-15T20:09:04","guid":{"rendered":"http:\/\/www.jacekpajak.com\/?page_id=223"},"modified":"2022-10-01T16:39:19","modified_gmt":"2022-10-01T16:39:19","slug":"faraon-poetyka-filmu","status":"publish","type":"page","link":"https:\/\/www.jacekpajak.com\/?page_id=223","title":{"rendered":"Faraon. Poetyka filmu"},"content":{"rendered":"<p><img loading=\"lazy\" decoding=\"async\" class=\"alignleft wp-image-100\" src=\"https:\/\/www.jacekpajak.com\/wp-content\/uploads\/2018\/04\/faraon-poetyka.png\" alt=\"\" width=\"346\" height=\"456\"><\/p>\n<p>&nbsp;<\/p>\n<p>Tytu\u0142 rozdzia\u0142u: <strong>\u201eSonorystyka filmu&nbsp;<em>Faraon<\/em><\/strong><strong>\u201d<\/strong><\/p>\n<p>&nbsp;<\/p>\n<p><span style=\"text-decoration: underline;\">O ksi\u0105\u017cce:<\/span><\/p>\n<p>Monografia filmu <em>Faraon<\/em> Jerzego Kawalerowicza przygotowana w&nbsp;ramach prac Zespo\u0142u Bada\u0144 nad&nbsp;Filmem pod&nbsp;redakcj\u0105 naukow\u0105 Seweryna Ku\u015bmierczyka (680 stron). Rozdzia\u0142y analityczno-interpretacyjne zosta\u0142y po\u015bwi\u0119cone warstwie plastycznej obejmuj\u0105cej scenografi\u0119 i&nbsp;rekwizyty (z&nbsp;uwzgl\u0119dnieniem okresu przygotowa\u0144), re\u017cyserii i&nbsp;grze aktorskiej, \u015brodkom wyrazu nale\u017c\u0105cym do&nbsp;sztuki operatorskiej, aspektom monta\u017cu filmowego, ukszta\u0142towaniu warstwy sonorystycznej, analizie obecnej w&nbsp;filmie muzyki.<\/p>\n<p>Przyj\u0119ta formu\u0142a monograficzna rozszerza perspektyw\u0119 czasow\u0105 spojrzenia na&nbsp;dzie\u0142o. Szczeg\u00f3\u0142owa analiza element\u00f3w poetyki filmu, jego struktury i&nbsp;kompozycji, obejmuj\u0105ca tak\u017ce zagadnienia realizacyjne i&nbsp;warsztatowe, zosta\u0142a uzupe\u0142niona rozpraw\u0105 po\u015bwi\u0119con\u0105 problematyce ekranizacji powie\u015bci Boles\u0142awa Prusa, analizuj\u0105c\u0105 nowele filmowe, kolejne wersje scenariusza i&nbsp;scenopis wraz z&nbsp;ich por\u00f3wnaniem z&nbsp;pierwowzorem literackim. Osobne rozdzia\u0142y omawiaj\u0105 recepcj\u0119 filmu w&nbsp;Polsce i&nbsp;zagranic\u0105, r\u00f3\u017cnice pomi\u0119dzy dwiema re\u017cyserskimi wersjami filmu oraz&nbsp;zagadnienia rekonstrukcji cyfrowej <em>Faraona<\/em>. Rozdzia\u0142y dope\u0142niaj\u0105 si\u0119 wzajemnie dzi\u0119ki zastosowaniu wsp\u00f3lnej metodologii \u2013 analizy antropologiczno-morfologicznej.<br \/>\nW monografii zosta\u0142y wykorzystane bardzo liczne materia\u0142y archiwalne oraz&nbsp;wr\u0119cz bezcenna wiedza \u017ar\u00f3d\u0142owa zgromadzona przez autor\u00f3w rozpraw w&nbsp;czasie rozm\u00f3w przeprowadzonych z&nbsp;reprezentuj\u0105cymi r\u00f3\u017cne zawody filmowe tw\u00f3rcami <em>Faraona<\/em>.<\/p>\n<p>Autorzy rozdzia\u0142\u00f3w: Robert Birkholc, Ewa Czachorowska-Zygor, Wojciech Kabarowski, Agnieszka Korycka, Seweryn Ku\u015bmierczyk, Micha\u0142 Mr\u00f3z, Jacek Paj\u0105k, Beata Pie\u0144kowska-Wy\u017cy\u0144ska, Pawe\u0142 Stroi\u0144ski.<\/p>\n<p>&nbsp;<\/p>\n<p><a href=\"https:\/\/www.empik.com\/faraon-poetyka-filmu-opracowanie-zbiorowe,p1227985899,ksiazka-p\" target=\"_blank\" rel=\"noopener noreferrer\">Faraon. Poetyka filmu<\/a><\/p>\n","protected":false},"excerpt":{"rendered":"<p>&nbsp; Tytu\u0142 rozdzia\u0142u: \u201eSonorystyka filmu&nbsp;Faraon\u201d &nbsp; O ksi\u0105\u017cce: Monografia filmu Faraon Jerzego Kawalerowicza przygotowana w&nbsp;ramach prac Zespo\u0142u Bada\u0144 nad&nbsp;Filmem pod&nbsp;redakcj\u0105 naukow\u0105 Seweryna Ku\u015bmierczyka (680 stron). Rozdzia\u0142y analityczno-interpretacyjne zosta\u0142y po\u015bwi\u0119cone warstwie plastycznej obejmuj\u0105cej scenografi\u0119 i&nbsp;rekwizyty (z&nbsp;uwzgl\u0119dnieniem okresu przygotowa\u0144), re\u017cyserii i&nbsp;grze aktorskiej, &hellip; <a href=\"https:\/\/www.jacekpajak.com\/?page_id=223\">Czytaj dalej <span class=\"meta-nav\">&rarr;<\/span><\/a><\/p>\n","protected":false},"author":1,"featured_media":0,"parent":72,"menu_order":4,"comment_status":"closed","ping_status":"closed","template":"","meta":{"footnotes":""},"class_list":["post-223","page","type-page","status-publish","hentry"],"_links":{"self":[{"href":"https:\/\/www.jacekpajak.com\/index.php?rest_route=\/wp\/v2\/pages\/223","targetHints":{"allow":["GET"]}}],"collection":[{"href":"https:\/\/www.jacekpajak.com\/index.php?rest_route=\/wp\/v2\/pages"}],"about":[{"href":"https:\/\/www.jacekpajak.com\/index.php?rest_route=\/wp\/v2\/types\/page"}],"author":[{"embeddable":true,"href":"https:\/\/www.jacekpajak.com\/index.php?rest_route=\/wp\/v2\/users\/1"}],"replies":[{"embeddable":true,"href":"https:\/\/www.jacekpajak.com\/index.php?rest_route=%2Fwp%2Fv2%2Fcomments&post=223"}],"version-history":[{"count":6,"href":"https:\/\/www.jacekpajak.com\/index.php?rest_route=\/wp\/v2\/pages\/223\/revisions"}],"predecessor-version":[{"id":322,"href":"https:\/\/www.jacekpajak.com\/index.php?rest_route=\/wp\/v2\/pages\/223\/revisions\/322"}],"up":[{"embeddable":true,"href":"https:\/\/www.jacekpajak.com\/index.php?rest_route=\/wp\/v2\/pages\/72"}],"wp:attachment":[{"href":"https:\/\/www.jacekpajak.com\/index.php?rest_route=%2Fwp%2Fv2%2Fmedia&parent=223"}],"curies":[{"name":"wp","href":"https:\/\/api.w.org\/{rel}","templated":true}]}}