{"id":228,"date":"2018-04-15T20:14:29","date_gmt":"2018-04-15T20:14:29","guid":{"rendered":"http:\/\/www.jacekpajak.com\/?page_id=228"},"modified":"2022-10-01T16:44:44","modified_gmt":"2022-10-01T16:44:44","slug":"faraon-rozmowy-o-filmie","status":"publish","type":"page","link":"https:\/\/www.jacekpajak.com\/?page_id=228","title":{"rendered":"Faraon. Rozmowy o filmie"},"content":{"rendered":"<p><img loading=\"lazy\" decoding=\"async\" class=\"alignleft wp-image-101 \" src=\"https:\/\/www.jacekpajak.com\/wp-content\/uploads\/2018\/04\/rozmowy-o-faraonie-241x300.jpg\" alt=\"\" width=\"314\" height=\"391\" srcset=\"https:\/\/www.jacekpajak.com\/wp-content\/uploads\/2018\/04\/rozmowy-o-faraonie-241x300.jpg 241w, https:\/\/www.jacekpajak.com\/wp-content\/uploads\/2018\/04\/rozmowy-o-faraonie-520x649.jpg 520w, https:\/\/www.jacekpajak.com\/wp-content\/uploads\/2018\/04\/rozmowy-o-faraonie.jpg 704w\" sizes=\"auto, (max-width: 314px) 100vw, 314px\" \/><\/p>\n<p>&nbsp;<\/p>\n<p>Tytu\u0142 rozdzia\u0142u: <strong>\u201eO muzyce, ud\u017awi\u0119kowieniu i konsultacji muzycznej w <em>Faraonie<\/em>. Z Ann\u0105 I\u017cykowsk\u0105-Mironowicz rozmawia Jacek Paj\u0105k\u201d<\/strong><\/p>\n<p>&nbsp;<\/p>\n<p><span style=\"text-decoration: underline;\">O ksi\u0105\u017cce:<\/span><\/p>\n<p>Ksi\u0105\u017cka jest zbiorem szesnastu rozm\u00f3w z tw\u00f3rcami filmu \u201eFaraon\u201d (1966) w re\u017cyserii Jerzego Kawalerowicza, uzupe\u0142nionych wypowiedzi\u0105 oceniaj\u0105cego film egiptologa. Zawiera tak\u017ce bardzo liczne, unikalne zdj\u0119cia z okresu realizacji. Rozmowy przedstawiaj\u0105 prac\u0119 filmowc\u00f3w uczestnicz\u0105cych w jednym z najwi\u0119kszych i najtrudniejszych przedsi\u0119wzi\u0119\u0107 w historii polskiej kinematografii. Dokonania poszczeg\u00f3lnych tw\u00f3rc\u00f3w, reprezentuj\u0105cych r\u00f3\u017cne zawody filmowe, s\u0105 przedstawione poprzez ukazanie tajnik\u00f3w ich pracy na planie filmu. Wielog\u0142osowa ca\u0142o\u015b\u0107 przynosi tak\u017ce sp\u00f3jny i wieloaspektowy obraz pracy i osobowo\u015bci Jerzego Kawalerowicza. Przekazane przez Rozm\u00f3wc\u00f3w informacje s\u0105 nieocenionym \u017ar\u00f3d\u0142em wiedzy na temat procesu przygotowa\u0144, za\u0142o\u017ce\u0144 artystycznych, konkretnych zada\u0144 wykonywanych na planie, szczeg\u00f3\u0142\u00f3w warsztatowych i technicznych. S\u0105 to r\u00f3wnie\u017c bardzo osobiste wypowiedzi dotycz\u0105ce wysi\u0142ku zwi\u0105zanego z wieloma miesi\u0105cami pracy na pustyni. Ksi\u0105\u017cka udowadnia, \u017ce na planie \u201eFaraona\u201d czas si\u0119 zatrzyma\u0142 i mo\u017cna dzi\u015b w fascynuj\u0105cy spos\u00f3b opowiada\u0107 o idei filmu zawartej w scenografii, o sztuce operatorskiej, organizacji planu i kierowaniu tysi\u0105cami statyst\u00f3w, zadaniach stoj\u0105cych przed aktorami w poszczeg\u00f3lnych scenach i uj\u0119ciach, o charakteryzacji, kostiumach, precyzji wykonania rekwizyt\u00f3w, o procesie komponowania muzyki i pracy nad ud\u017awi\u0119kowieniem.<\/p>\n<p>O realizacji filmu &#8222;Faraon&#8221; opowiadaj\u0105: re\u017cyser JERZY KAWALEROWICZ (tekst archiwalny), operator JERZY W\u00d3JCIK, scenograf JERZY SKRZEPI\u0143SKI, aktor JERZY ZELNIK, aktor RYSZARD RONCZEWSKI, operator WIES\u0141AW ZDORT, II operator WITOLD SOBOCI\u0143SKI, II re\u017cyser ANDRZEJ CZEKALSKI, kostiumografka BARBARA PTAK, tw\u00f3rczyni charakteryzacji TERESA TOMASZEWSKA, kostiumografka MARIA CZEKALSKA, kompozytor ADAM WALACI\u0143SKI (tekst archiwalny), konsultantka muzyczna ANNA I\u017bYKOWSKA-MIRONOWICZ, kierownik planu ARKADIUSZ OR\u0141OWSKI, kierownik produkcji JERZY RUTOWICZ, asystent re\u017cysera HENRYK BIELSKI, egiptolog KAMIL OMAR KURASZKIEWICZ<\/p>\n<p>&nbsp;<\/p>\n<h4 class=\"name\"><a href=\"https:\/\/www.empik.com\/faraon-rozmowy-o-filmie-opracowanie-zbiorowe,p1222460933,ksiazka-p\" target=\"_blank\" rel=\"noopener noreferrer\">Faraon. Rozmowy o filmie.<\/a><\/h4>\n","protected":false},"excerpt":{"rendered":"<p>&nbsp; Tytu\u0142 rozdzia\u0142u: \u201eO muzyce, ud\u017awi\u0119kowieniu i konsultacji muzycznej w Faraonie. Z Ann\u0105 I\u017cykowsk\u0105-Mironowicz rozmawia Jacek Paj\u0105k\u201d &nbsp; O ksi\u0105\u017cce: Ksi\u0105\u017cka jest zbiorem szesnastu rozm\u00f3w z tw\u00f3rcami filmu \u201eFaraon\u201d (1966) w re\u017cyserii Jerzego Kawalerowicza, uzupe\u0142nionych wypowiedzi\u0105 oceniaj\u0105cego film egiptologa. Zawiera &hellip; <a href=\"https:\/\/www.jacekpajak.com\/?page_id=228\">Czytaj dalej <span class=\"meta-nav\">&rarr;<\/span><\/a><\/p>\n","protected":false},"author":1,"featured_media":0,"parent":72,"menu_order":5,"comment_status":"closed","ping_status":"closed","template":"","meta":{"footnotes":""},"class_list":["post-228","page","type-page","status-publish","hentry"],"_links":{"self":[{"href":"https:\/\/www.jacekpajak.com\/index.php?rest_route=\/wp\/v2\/pages\/228","targetHints":{"allow":["GET"]}}],"collection":[{"href":"https:\/\/www.jacekpajak.com\/index.php?rest_route=\/wp\/v2\/pages"}],"about":[{"href":"https:\/\/www.jacekpajak.com\/index.php?rest_route=\/wp\/v2\/types\/page"}],"author":[{"embeddable":true,"href":"https:\/\/www.jacekpajak.com\/index.php?rest_route=\/wp\/v2\/users\/1"}],"replies":[{"embeddable":true,"href":"https:\/\/www.jacekpajak.com\/index.php?rest_route=%2Fwp%2Fv2%2Fcomments&post=228"}],"version-history":[{"count":4,"href":"https:\/\/www.jacekpajak.com\/index.php?rest_route=\/wp\/v2\/pages\/228\/revisions"}],"predecessor-version":[{"id":324,"href":"https:\/\/www.jacekpajak.com\/index.php?rest_route=\/wp\/v2\/pages\/228\/revisions\/324"}],"up":[{"embeddable":true,"href":"https:\/\/www.jacekpajak.com\/index.php?rest_route=\/wp\/v2\/pages\/72"}],"wp:attachment":[{"href":"https:\/\/www.jacekpajak.com\/index.php?rest_route=%2Fwp%2Fv2%2Fmedia&parent=228"}],"curies":[{"name":"wp","href":"https:\/\/api.w.org\/{rel}","templated":true}]}}