{"id":59,"date":"2018-04-01T20:46:59","date_gmt":"2018-04-01T20:46:59","guid":{"rendered":"http:\/\/www.jacekpajak.com\/?page_id=59"},"modified":"2025-02-05T10:58:00","modified_gmt":"2025-02-05T10:58:00","slug":"o-mnie","status":"publish","type":"page","link":"https:\/\/www.jacekpajak.com\/","title":{"rendered":""},"content":{"rendered":"<div class=\"entry-content\">\n<p style=\"text-align: left;\"><strong>Jacek Paj\u0105k<\/strong> (1987) \u2013 re\u017cyser d\u017awi\u0119ku, filmoznawca, nauczyciel akademicki. Uko\u0144czy\u0142 re\u017cyseri\u0119 d\u017awi\u0119ku na <span lang=\"pl-PL\">Uniwersytecie Muzycznym Fryderyka Chopina w Warszawie oraz administracj\u0119 na Politechnice Warszawskiej<\/span><span lang=\"pl-PL\">. <\/span><span lang=\"pl-PL\">Jest doktorem sztuk muzycznych z zakresu re\u017cyserii d\u017awi\u0119ku. Obroni\u0142 drugi doktorat w Instytucie Kultury Polskiej poruszaj\u0105cy problematyk\u0119 d\u017awi\u0119ku w polskim filmie fabularnym<\/span><span lang=\"pl-PL\">. Bierze udzia\u0142 w pracach Zespo\u0142u Bada\u0144 nad Filmem dzia\u0142aj\u0105cym w Instytucie, publikuj\u0105c teksty naukowe i popularyzuj\u0105c filmoznawstwo. W kr\u0119gu jego naukowych zainteresowa\u0144 znajduje si\u0119 estetyka i analiza d\u017awi\u0119ku w filmie<\/span><span lang=\"pl-PL\">. Jest adiunktem na Wydziale Re\u017cyserii D\u017awi\u0119ku Uniwersytetu Muzycznego Fryderyka Chopina w Warszawie. Prowadzi r\u00f3wnie\u017c zaj\u0119cia z d\u017awi\u0119ku w filmie w Warszawskiej Szkole Filmowej.<br \/>\n<\/span><\/p>\n<p style=\"text-align: left;\"><span lang=\"pl-PL\">Pracuje jako sound designer i monta\u017cysta d\u017awi\u0119ku w formach telewizyjnych i kinowych. Specjalizuje si\u0119 r\u00f3wnie\u017c w nagraniach efekt\u00f3w d\u017awi\u0119kowych do film\u00f3w fabularnych\u00a0 (m. in. <\/span><span lang=\"pl-PL\">\u201cDywizjon 303<\/span><span lang=\"pl-PL\">\u201d, \u201c<\/span><span lang=\"pl-PL\">1920 <\/span><span lang=\"pl-PL\">Bitwa<\/span> <span lang=\"pl-PL\">Warszawsk<\/span><span lang=\"pl-PL\">a<\/span><span lang=\"pl-PL\">\u201d, \u201cMi<\/span><span lang=\"pl-PL\">asto 44<\/span><span lang=\"pl-PL\">\u201d<\/span><span lang=\"pl-PL\">, \u201c<\/span><span lang=\"pl-PL\">Tw\u00f3j Vincent<\/span><span lang=\"pl-PL\">\u201d<\/span><span lang=\"pl-PL\">)<\/span><span lang=\"pl-PL\">. <\/span><span lang=\"pl-PL\">Podczas kreowania warstwy audytywnej zwraca szczeg\u00f3ln\u0105 uwag\u0119 na form\u0119 filmu jako ca\u0142o\u015bci. W swojej pracy skupia si\u0119 na tworzeniu wysokiej jako\u015bci d\u017awi\u0119ku, jego zwi\u0105zku z obrazem oraz na poszerzaniu znaczenia obrazu poprzez warstw\u0119 audytywn\u0105. Interesuj<\/span><span lang=\"pl-PL\">e<\/span><span lang=\"pl-PL\"> si\u0119 tak\u017ce zagadnieniami dotycz\u0105cymi prawa autorskiego w filmie. Jest cz\u0142onkiem Stowarzyszenia Filmowc\u00f3w Polskich. Nominowany do <em>The Golden Reel Award<\/em> za efekty synchroniczne do filmu &#8222;1920 Bitwa Warszawska&#8221;. Nagrodzony <em>The Golden Reel Award <\/em><\/span><span lang=\"pl-PL\">za monta\u017c d\u017awi\u0119ku w filmie \u201ePowstanie Warszawskie\u201d<\/span><span lang=\"pl-PL\">. <\/span><\/p>\n<\/div>\n<p><span lang=\"pl-PL\">\u00a0<\/span><\/p>\n","protected":false},"excerpt":{"rendered":"<p>Jacek Paj\u0105k (1987) \u2013 re\u017cyser d\u017awi\u0119ku, filmoznawca, nauczyciel akademicki. Uko\u0144czy\u0142 re\u017cyseri\u0119 d\u017awi\u0119ku na Uniwersytecie Muzycznym Fryderyka Chopina w Warszawie oraz administracj\u0119 na Politechnice Warszawskiej. Jest doktorem sztuk muzycznych z zakresu re\u017cyserii d\u017awi\u0119ku. Obroni\u0142 drugi doktorat w Instytucie Kultury Polskiej poruszaj\u0105cy &hellip; <a href=\"https:\/\/www.jacekpajak.com\/\">Czytaj dalej <span class=\"meta-nav\">&rarr;<\/span><\/a><\/p>\n","protected":false},"author":1,"featured_media":0,"parent":0,"menu_order":0,"comment_status":"closed","ping_status":"closed","template":"","meta":{"footnotes":""},"class_list":["post-59","page","type-page","status-publish","hentry"],"_links":{"self":[{"href":"https:\/\/www.jacekpajak.com\/index.php?rest_route=\/wp\/v2\/pages\/59","targetHints":{"allow":["GET"]}}],"collection":[{"href":"https:\/\/www.jacekpajak.com\/index.php?rest_route=\/wp\/v2\/pages"}],"about":[{"href":"https:\/\/www.jacekpajak.com\/index.php?rest_route=\/wp\/v2\/types\/page"}],"author":[{"embeddable":true,"href":"https:\/\/www.jacekpajak.com\/index.php?rest_route=\/wp\/v2\/users\/1"}],"replies":[{"embeddable":true,"href":"https:\/\/www.jacekpajak.com\/index.php?rest_route=%2Fwp%2Fv2%2Fcomments&post=59"}],"version-history":[{"count":18,"href":"https:\/\/www.jacekpajak.com\/index.php?rest_route=\/wp\/v2\/pages\/59\/revisions"}],"predecessor-version":[{"id":347,"href":"https:\/\/www.jacekpajak.com\/index.php?rest_route=\/wp\/v2\/pages\/59\/revisions\/347"}],"wp:attachment":[{"href":"https:\/\/www.jacekpajak.com\/index.php?rest_route=%2Fwp%2Fv2%2Fmedia&parent=59"}],"curies":[{"name":"wp","href":"https:\/\/api.w.org\/{rel}","templated":true}]}}