{"id":66,"date":"2018-04-01T20:50:08","date_gmt":"2018-04-01T20:50:08","guid":{"rendered":"http:\/\/www.jacekpajak.com\/?page_id=66"},"modified":"2020-01-09T22:20:08","modified_gmt":"2020-01-09T22:20:08","slug":"dzialalnosc-naukowa","status":"publish","type":"page","link":"https:\/\/www.jacekpajak.com\/?page_id=66","title":{"rendered":"DZIA\u0141ALNO\u015a\u0106 NAUKOWA"},"content":{"rendered":"<h1><\/h1>\n<h1 style=\"text-align: center;\"><a href=\"http:\/\/ikp.uw.edu.pl\/instytut\/struktura\/zaklad-filmu-i-kultury-wizualnej\/\">Instytut Kultury Polskiej<\/a><\/h1>\n<p style=\"text-align: center;\">Zak\u0142ad Filmu i Kultury Wizualnej<\/p>\n<p><a href=\"http:\/\/ikp.uw.edu.pl\/instytut\/struktura\/zaklad-filmu-i-kultury-wizualnej\/\"><img loading=\"lazy\" decoding=\"async\" class=\"aligncenter wp-image-120 size-full\" src=\"https:\/\/www.jacekpajak.com\/wp-content\/uploads\/2018\/04\/IKP-logo.png\" alt=\"Instytut Kultury Polskiej\" width=\"700\" height=\"200\" srcset=\"https:\/\/www.jacekpajak.com\/wp-content\/uploads\/2018\/04\/IKP-logo.png 700w, https:\/\/www.jacekpajak.com\/wp-content\/uploads\/2018\/04\/IKP-logo-300x86.png 300w, https:\/\/www.jacekpajak.com\/wp-content\/uploads\/2018\/04\/IKP-logo-520x149.png 520w\" sizes=\"auto, (max-width: 700px) 100vw, 700px\" \/><\/a><\/p>\n<h1 style=\"text-align: center;\"><a href=\"http:\/\/www.analizafilmu.pl\">Zesp\u00f3\u0142 Bada\u0144 nad Filmem<\/a><\/h1>\n<p>&nbsp;<\/p>\n<h1 style=\"text-align: center;\"><a href=\"https:\/\/www.youtube.com\/channel\/UC1bA_UYrspx5mgBoi0JGMeA\">Edukacja Spojrzenia<\/a><\/h1>\n<p style=\"text-align: center;\"><a href=\"https:\/\/www.youtube.com\/channel\/UC1bA_UYrspx5mgBoi0JGMeA\" target=\"_blank\" rel=\"noopener\"><img loading=\"lazy\" decoding=\"async\" class=\"aligncenter wp-image-291 size-full\" src=\"https:\/\/www.jacekpajak.com\/wp-content\/uploads\/2020\/01\/cropped-edukacja-spojrzenia-logo-1.jpg\" alt=\"\" width=\"600\" height=\"316\" srcset=\"https:\/\/www.jacekpajak.com\/wp-content\/uploads\/2020\/01\/cropped-edukacja-spojrzenia-logo-1.jpg 600w, https:\/\/www.jacekpajak.com\/wp-content\/uploads\/2020\/01\/cropped-edukacja-spojrzenia-logo-1-300x158.jpg 300w, https:\/\/www.jacekpajak.com\/wp-content\/uploads\/2020\/01\/cropped-edukacja-spojrzenia-logo-1-520x274.jpg 520w\" sizes=\"auto, (max-width: 600px) 100vw, 600px\" \/><\/a><\/p>\n","protected":false},"excerpt":{"rendered":"<p>Instytut Kultury Polskiej Zak\u0142ad Filmu i Kultury Wizualnej Zesp\u00f3\u0142 Bada\u0144 nad Filmem &nbsp; Edukacja Spojrzenia<\/p>\n","protected":false},"author":1,"featured_media":0,"parent":0,"menu_order":3,"comment_status":"closed","ping_status":"closed","template":"","meta":{"footnotes":""},"class_list":["post-66","page","type-page","status-publish","hentry"],"_links":{"self":[{"href":"https:\/\/www.jacekpajak.com\/index.php?rest_route=\/wp\/v2\/pages\/66","targetHints":{"allow":["GET"]}}],"collection":[{"href":"https:\/\/www.jacekpajak.com\/index.php?rest_route=\/wp\/v2\/pages"}],"about":[{"href":"https:\/\/www.jacekpajak.com\/index.php?rest_route=\/wp\/v2\/types\/page"}],"author":[{"embeddable":true,"href":"https:\/\/www.jacekpajak.com\/index.php?rest_route=\/wp\/v2\/users\/1"}],"replies":[{"embeddable":true,"href":"https:\/\/www.jacekpajak.com\/index.php?rest_route=%2Fwp%2Fv2%2Fcomments&post=66"}],"version-history":[{"count":10,"href":"https:\/\/www.jacekpajak.com\/index.php?rest_route=\/wp\/v2\/pages\/66\/revisions"}],"predecessor-version":[{"id":292,"href":"https:\/\/www.jacekpajak.com\/index.php?rest_route=\/wp\/v2\/pages\/66\/revisions\/292"}],"wp:attachment":[{"href":"https:\/\/www.jacekpajak.com\/index.php?rest_route=%2Fwp%2Fv2%2Fmedia&parent=66"}],"curies":[{"name":"wp","href":"https:\/\/api.w.org\/{rel}","templated":true}]}}