{"id":72,"date":"2018-04-01T21:14:44","date_gmt":"2018-04-01T21:14:44","guid":{"rendered":"http:\/\/www.jacekpajak.com\/?page_id=72"},"modified":"2023-06-17T19:00:25","modified_gmt":"2023-06-17T19:00:25","slug":"publikacje","status":"publish","type":"page","link":"https:\/\/www.jacekpajak.com\/?page_id=72","title":{"rendered":"PUBLIKACJE"},"content":{"rendered":"<p><a href=\"https:\/\/www.jacekpajak.com\/dzwiek-w-filmie-miedzy-sztuka-a-rzemioslem\/\" target=\"_blank\" rel=\"noopener noreferrer\"><img loading=\"lazy\" decoding=\"async\" class=\"alignleft wp-image-103\" style=\"border: 2px solid gray;\" src=\"https:\/\/www.jacekpajak.com\/wp-content\/uploads\/2018\/04\/pol_pl_Dzwiek-w-filmie-Miedzy-sztuka-a-rzemioslem-7725_1.png\" alt=\"\" width=\"155\" height=\"219\" srcset=\"https:\/\/www.jacekpajak.com\/wp-content\/uploads\/2018\/04\/pol_pl_Dzwiek-w-filmie-Miedzy-sztuka-a-rzemioslem-7725_1.png 627w, https:\/\/www.jacekpajak.com\/wp-content\/uploads\/2018\/04\/pol_pl_Dzwiek-w-filmie-Miedzy-sztuka-a-rzemioslem-7725_1-212x300.png 212w, https:\/\/www.jacekpajak.com\/wp-content\/uploads\/2018\/04\/pol_pl_Dzwiek-w-filmie-Miedzy-sztuka-a-rzemioslem-7725_1-520x736.png 520w\" sizes=\"auto, (max-width: 155px) 100vw, 155px\" \/><\/a><\/p>\n<h4><a href=\"https:\/\/www.jacekpajak.com\/dzwiek-w-filmie-miedzy-sztuka-a-rzemioslem\/\">D\u017awi\u0119k w filmie. Mi\u0119dzy sztuk\u0105 a rzemios\u0142em<\/a><\/h4>\n<h5>Wydawnictwo: <span class=\"lt_description dright\">Wydawnictwa Uniwersytetu Warszawskiego<\/span><\/h5>\n<p>&nbsp;<\/p>\n<p>&nbsp;<\/p>\n<p>&nbsp;<\/p>\n<p>&nbsp;<\/p>\n<p>&nbsp;<\/p>\n<p>&nbsp;<\/p>\n<p>&nbsp;<\/p>\n<p style=\"text-align: left;\"><a href=\"https:\/\/www.jacekpajak.com\/dzwiek-w-filmie-miedzy-sztuka-a-rzemioslem\/\" target=\"_blank\" rel=\"noopener noreferrer\"><img loading=\"lazy\" decoding=\"async\" class=\"alignleft wp-image-293 size-thumbnail\" src=\"https:\/\/www.jacekpajak.com\/wp-content\/uploads\/2020\/06\/pleograf-150x150.png\" alt=\"\" width=\"150\" height=\"150\"><\/a><\/p>\n<h4 style=\"text-align: left;\"><a href=\"https:\/\/pleograf.pl\/index.php\/zmiana-paradygmatu-dzwieku-kinowego\/\" target=\"_blank\" rel=\"noopener noreferrer\">Zmiana paradygmatu d\u017awi\u0119ku kinowego<\/a><\/h4>\n<h5 style=\"text-align: left;\">Artyku\u0142 naukowy w: &#8222;Pleograf. Kwartalnik Akademii Polskiego Filmu&#8221;, nr 4\/2019<\/h5>\n<p>&nbsp;<\/p>\n<p>&nbsp;<\/p>\n<p>&nbsp;<\/p>\n<p>&nbsp;<\/p>\n<p>&nbsp;<\/p>\n<h4><a href=\"https:\/\/www.jacekpajak.com\/doswiadczenie-wewnetrzne-bohatera-w-dziele-filmowym\/\"><img loading=\"lazy\" decoding=\"async\" class=\"alignleft wp-image-102\" src=\"https:\/\/www.jacekpajak.com\/wp-content\/uploads\/2018\/04\/pol_pl_Doswiadczenie-wewnetrzne-bohatera-w-dziele-filmowym-7391_1-231x300.png\" alt=\"\" width=\"160\" height=\"208\" srcset=\"https:\/\/www.jacekpajak.com\/wp-content\/uploads\/2018\/04\/pol_pl_Doswiadczenie-wewnetrzne-bohatera-w-dziele-filmowym-7391_1-231x300.png 231w, https:\/\/www.jacekpajak.com\/wp-content\/uploads\/2018\/04\/pol_pl_Doswiadczenie-wewnetrzne-bohatera-w-dziele-filmowym-7391_1-520x675.png 520w, https:\/\/www.jacekpajak.com\/wp-content\/uploads\/2018\/04\/pol_pl_Doswiadczenie-wewnetrzne-bohatera-w-dziele-filmowym-7391_1.png 660w\" sizes=\"auto, (max-width: 160px) 100vw, 160px\" \/><\/a><\/h4>\n<h4 class=\"productBaseInfo__title\"><a href=\"https:\/\/www.jacekpajak.com\/doswiadczenie-wewnetrzne-bohatera-w-dziele-filmowym\/\" target=\"_blank\" rel=\"noopener noreferrer\">Do\u015bwiadczenie wewn\u0119trzne bohatera w dziele filmowym<\/a><\/h4>\n<h5>Wydawnictwo: Wydawnictwo Uniwersytetu Warszawskiego<\/h5>\n<p>&nbsp;<\/p>\n<p>&nbsp;<\/p>\n<p>&nbsp;<\/p>\n<p>&nbsp;<\/p>\n<p>&nbsp;<\/p>\n<p>&nbsp;<\/p>\n<p><a href=\"https:\/\/www.jacekpajak.com\/publikacje\/antropologia-postaci-w-dziele-filmowym\/\" target=\"_blank\" rel=\"noopener noreferrer\"><img loading=\"lazy\" decoding=\"async\" class=\"alignleft wp-image-135\" src=\"https:\/\/www.jacekpajak.com\/wp-content\/uploads\/2018\/04\/Antropologia-postaci.jpg\" alt=\"\" width=\"155\" height=\"211\"><\/a><\/p>\n<h4 class=\"productBaseInfo__title\"><a href=\"https:\/\/www.jacekpajak.com\/publikacje\/antropologia-postaci-w-dziele-filmowym\/\" rel=\"noopener\">Antropologia postaci w dziele filmowym<\/a><\/h4>\n<h5>Wydawnictwo: Czu\u0142y Barbarzy\u0144ca Press<\/h5>\n<p>&nbsp;<\/p>\n<p>&nbsp;<\/p>\n<p>&nbsp;<\/p>\n<p>&nbsp;<\/p>\n<p>&nbsp;<\/p>\n<p>&nbsp;<\/p>\n<p><a href=\"https:\/\/www.jacekpajak.com\/publikacje\/faraon-poetyka-filmu\/\" target=\"_blank\" rel=\"noopener noreferrer\"><img loading=\"lazy\" decoding=\"async\" class=\"alignleft wp-image-100\" src=\"https:\/\/www.jacekpajak.com\/wp-content\/uploads\/2018\/04\/faraon-poetyka.png\" alt=\"\" width=\"155\" height=\"204\"><\/a><\/p>\n<h4><a href=\"https:\/\/www.jacekpajak.com\/publikacje\/faraon-poetyka-filmu\/\" rel=\"noopener\">Faraon. Poetyka filmu<\/a><\/h4>\n<h5>Wydawnictwo: Czu\u0142y Barbarzy\u0144ca Press<\/h5>\n<p>&nbsp;<\/p>\n<h3><\/h3>\n<p>&nbsp;<\/p>\n<p>&nbsp;<\/p>\n<p>&nbsp;<\/p>\n<p>&nbsp;<\/p>\n<p>&nbsp;<\/p>\n<p><a href=\"https:\/\/www.jacekpajak.com\/publikacje\/faraon-rozmowy-o-filmie\/\" rel=\"noopener\"><img loading=\"lazy\" decoding=\"async\" class=\"alignleft wp-image-101\" src=\"https:\/\/www.jacekpajak.com\/wp-content\/uploads\/2018\/04\/rozmowy-o-faraonie.jpg\" alt=\"\" width=\"155\" height=\"193\" srcset=\"https:\/\/www.jacekpajak.com\/wp-content\/uploads\/2018\/04\/rozmowy-o-faraonie.jpg 704w, https:\/\/www.jacekpajak.com\/wp-content\/uploads\/2018\/04\/rozmowy-o-faraonie-241x300.jpg 241w, https:\/\/www.jacekpajak.com\/wp-content\/uploads\/2018\/04\/rozmowy-o-faraonie-520x649.jpg 520w\" sizes=\"auto, (max-width: 155px) 100vw, 155px\" \/><\/a><\/p>\n<h4 class=\"name\"><a href=\"https:\/\/www.jacekpajak.com\/publikacje\/faraon-rozmowy-o-filmie\/\" rel=\"noopener\">Faraon. Rozmowy o filmie<\/a><\/h4>\n<h5>Wydawnictwo: Czu\u0142y Barbarzy\u0144ca Press<\/h5>\n<p>&nbsp;<\/p>\n<p>&nbsp;<\/p>\n<p>&nbsp;<\/p>\n<p>&nbsp;<\/p>\n<p>&nbsp;<br \/>\n<a href=\"https:\/\/www.jacekpajak.com\/wesele-filmowa-mandala\/\" rel=\"noopener\"><img loading=\"lazy\" decoding=\"async\" class=\"alignleft wp-image-101\" src=\"https:\/\/www.jacekpajak.com\/wp-content\/uploads\/2023\/06\/wesele-filmowa-okladka-poprawiona.png\" alt=\"\" width=\"155\" height=\"193\"><\/a><\/p>\n<h4 class=\"name\"><a href=\"https:\/\/www.jacekpajak.com\/wesele-filmowa-mandala\/\" rel=\"noopener\">Wesele. Filmowa Mandala<\/a><\/h4>\n<h5>Wydawnictwo: Czu\u0142y Barbarzy\u0144ca Press<\/h5>\n<p>&nbsp;<\/p>\n<p>&nbsp;<\/p>\n<p>&nbsp;<\/p>\n<p>&nbsp;<\/p>\n<p>&nbsp;<\/p>\n<p><img loading=\"lazy\" decoding=\"async\" class=\"alignleft wp-image-169\" src=\"https:\/\/www.jacekpajak.com\/wp-content\/uploads\/2018\/04\/r2.jpg\" alt=\"\" width=\"155\" height=\"127\"><\/p>\n<h5><\/h5>\n<h4><a href=\"http:\/\/gdynskiecentrumfilmowe.pl\/wydarzenia\/aktualne\/312,,15,_faraon._poetyka_filmu._promocja_ksiazki_na_42._fpff.html\" target=\"_blank\" rel=\"noopener noreferrer\">Spotkanie autorskie w Galerii Ksi\u0119garni Gdy\u0144skiego Centrum Filmowego.<\/a><\/h4>\n<h5 class=\"title\">&#8222;Faraon. Poetyka filmu&#8221;. Promocja ksi\u0105\u017cki na 42. FPFF<\/h5>\n","protected":false},"excerpt":{"rendered":"<p>D\u017awi\u0119k w filmie. Mi\u0119dzy sztuk\u0105 a rzemios\u0142em Wydawnictwo: Wydawnictwa Uniwersytetu Warszawskiego &nbsp; &nbsp; &nbsp; &nbsp; &nbsp; &nbsp; &nbsp; Zmiana paradygmatu d\u017awi\u0119ku kinowego Artyku\u0142 naukowy w: &#8222;Pleograf. Kwartalnik Akademii Polskiego Filmu&#8221;, nr 4\/2019 &nbsp; &nbsp; &nbsp; &nbsp; &nbsp; Do\u015bwiadczenie wewn\u0119trzne bohatera &hellip; <a href=\"https:\/\/www.jacekpajak.com\/?page_id=72\">Czytaj dalej <span class=\"meta-nav\">&rarr;<\/span><\/a><\/p>\n","protected":false},"author":1,"featured_media":0,"parent":0,"menu_order":4,"comment_status":"closed","ping_status":"closed","template":"","meta":{"footnotes":""},"class_list":["post-72","page","type-page","status-publish","hentry"],"_links":{"self":[{"href":"https:\/\/www.jacekpajak.com\/index.php?rest_route=\/wp\/v2\/pages\/72","targetHints":{"allow":["GET"]}}],"collection":[{"href":"https:\/\/www.jacekpajak.com\/index.php?rest_route=\/wp\/v2\/pages"}],"about":[{"href":"https:\/\/www.jacekpajak.com\/index.php?rest_route=\/wp\/v2\/types\/page"}],"author":[{"embeddable":true,"href":"https:\/\/www.jacekpajak.com\/index.php?rest_route=\/wp\/v2\/users\/1"}],"replies":[{"embeddable":true,"href":"https:\/\/www.jacekpajak.com\/index.php?rest_route=%2Fwp%2Fv2%2Fcomments&post=72"}],"version-history":[{"count":90,"href":"https:\/\/www.jacekpajak.com\/index.php?rest_route=\/wp\/v2\/pages\/72\/revisions"}],"predecessor-version":[{"id":333,"href":"https:\/\/www.jacekpajak.com\/index.php?rest_route=\/wp\/v2\/pages\/72\/revisions\/333"}],"wp:attachment":[{"href":"https:\/\/www.jacekpajak.com\/index.php?rest_route=%2Fwp%2Fv2%2Fmedia&parent=72"}],"curies":[{"name":"wp","href":"https:\/\/api.w.org\/{rel}","templated":true}]}}